{"id":596,"date":"2021-10-16T14:49:18","date_gmt":"2021-10-16T14:49:18","guid":{"rendered":"https:\/\/www.troyfireworks.com\/?page_id=596"},"modified":"2022-06-28T23:50:47","modified_gmt":"2022-06-28T21:50:47","slug":"production-site","status":"publish","type":"page","link":"https:\/\/www.troyfireworks.com\/en\/production-site\/","title":{"rendered":"Factory"},"content":{"rendered":"<div data-elementor-type=\"wp-page\" data-elementor-id=\"596\" class=\"elementor elementor-596\">\n\t\t\t\t\t\t\t\t\t<section class=\"elementor-section elementor-top-section elementor-element elementor-element-328110f elementor-section-boxed elementor-section-height-default elementor-section-height-default\" data-id=\"328110f\" data-element_type=\"section\" data-settings=\"{&quot;background_background&quot;:&quot;classic&quot;}\">\n\t\t\t\t\t\t<div class=\"elementor-container elementor-column-gap-default\">\n\t\t\t\t\t<div class=\"elementor-column elementor-col-100 elementor-top-column elementor-element elementor-element-e2f0a73\" data-id=\"e2f0a73\" data-element_type=\"column\">\n\t\t\t<div class=\"elementor-widget-wrap elementor-element-populated\">\n\t\t\t\t\t\t\t\t<div class=\"elementor-element elementor-element-909a48a elementor-widget elementor-widget-heading\" data-id=\"909a48a\" data-element_type=\"widget\" data-widget_type=\"heading.default\">\n\t\t\t\t<div class=\"elementor-widget-container\">\n\t\t\t<style>\/*! elementor - v3.6.5 - 27-04-2022 *\/\n.elementor-heading-title{padding:0;margin:0;line-height:1}.elementor-widget-heading .elementor-heading-title[class*=elementor-size-]>a{color:inherit;font-size:inherit;line-height:inherit}.elementor-widget-heading .elementor-heading-title.elementor-size-small{font-size:15px}.elementor-widget-heading .elementor-heading-title.elementor-size-medium{font-size:19px}.elementor-widget-heading .elementor-heading-title.elementor-size-large{font-size:29px}.elementor-widget-heading .elementor-heading-title.elementor-size-xl{font-size:39px}.elementor-widget-heading .elementor-heading-title.elementor-size-xxl{font-size:59px}<\/style><h2 class=\"elementor-heading-title elementor-size-default\">Our Factory<\/h2>\t\t<\/div>\n\t\t\t\t<\/div>\n\t\t\t\t\t<\/div>\n\t\t<\/div>\n\t\t\t\t\t\t\t<\/div>\n\t\t<\/section>\n\t\t\t\t<section class=\"elementor-section elementor-top-section elementor-element elementor-element-bc8a6d2 elementor-section-boxed elementor-section-height-default elementor-section-height-default\" data-id=\"bc8a6d2\" data-element_type=\"section\">\n\t\t\t\t\t\t<div class=\"elementor-container elementor-column-gap-default\">\n\t\t\t\t\t<div class=\"elementor-column elementor-col-100 elementor-top-column elementor-element elementor-element-40fe2b7\" data-id=\"40fe2b7\" data-element_type=\"column\">\n\t\t\t<div class=\"elementor-widget-wrap elementor-element-populated\">\n\t\t\t\t\t\t\t\t<div class=\"elementor-element elementor-element-2f806f0 elementor-widget elementor-widget-spacer\" data-id=\"2f806f0\" data-element_type=\"widget\" data-widget_type=\"spacer.default\">\n\t\t\t\t<div class=\"elementor-widget-container\">\n\t\t\t<style>\/*! elementor - v3.6.5 - 27-04-2022 *\/\n.e-container.e-container--row .elementor-spacer-inner{width:var(--spacer-size)}.e-container.e-container--column .elementor-spacer-inner,.elementor-column .elementor-spacer-inner{height:var(--spacer-size)}<\/style>\t\t<div class=\"elementor-spacer\">\n\t\t\t<div class=\"elementor-spacer-inner\"><\/div>\n\t\t<\/div>\n\t\t\t\t<\/div>\n\t\t\t\t<\/div>\n\t\t\t\t\t<\/div>\n\t\t<\/div>\n\t\t\t\t\t\t\t<\/div>\n\t\t<\/section>\n\t\t\t\t<section class=\"elementor-section elementor-top-section elementor-element elementor-element-3219b2a elementor-section-boxed elementor-section-height-default elementor-section-height-default\" data-id=\"3219b2a\" data-element_type=\"section\" data-settings=\"{&quot;background_background&quot;:&quot;slideshow&quot;,&quot;background_slideshow_gallery&quot;:[{&quot;id&quot;:694,&quot;url&quot;:&quot;http:\\\/\\\/www.troyfireworks.com\\\/wp-content\\\/uploads\\\/2021\\\/10\\\/Fabrik-scaled.jpg&quot;},{&quot;id&quot;:699,&quot;url&quot;:&quot;http:\\\/\\\/www.troyfireworks.com\\\/wp-content\\\/uploads\\\/2021\\\/10\\\/Fabrik-6-scaled.jpg&quot;},{&quot;id&quot;:704,&quot;url&quot;:&quot;http:\\\/\\\/www.troyfireworks.com\\\/wp-content\\\/uploads\\\/2021\\\/10\\\/Fabrik-11-scaled.jpg&quot;},{&quot;id&quot;:705,&quot;url&quot;:&quot;http:\\\/\\\/www.troyfireworks.com\\\/wp-content\\\/uploads\\\/2021\\\/10\\\/Fabrik-12-scaled.jpg&quot;}],&quot;background_slideshow_loop&quot;:&quot;yes&quot;,&quot;background_slideshow_slide_duration&quot;:5000,&quot;background_slideshow_slide_transition&quot;:&quot;fade&quot;,&quot;background_slideshow_transition_duration&quot;:500}\">\n\t\t\t\t\t\t\t<div class=\"elementor-background-overlay\"><\/div>\n\t\t\t\t\t\t\t<div class=\"elementor-container elementor-column-gap-default\">\n\t\t\t\t\t<div class=\"elementor-column elementor-col-100 elementor-top-column elementor-element elementor-element-2875a35\" data-id=\"2875a35\" data-element_type=\"column\">\n\t\t\t<div class=\"elementor-widget-wrap elementor-element-populated\">\n\t\t\t\t\t\t\t\t<div class=\"elementor-element elementor-element-04f8723 elementor-widget elementor-widget-text-editor\" data-id=\"04f8723\" data-element_type=\"widget\" data-widget_type=\"text-editor.default\">\n\t\t\t\t<div class=\"elementor-widget-container\">\n\t\t\t<style>\/*! elementor - v3.6.5 - 27-04-2022 *\/\n.elementor-widget-text-editor.elementor-drop-cap-view-stacked .elementor-drop-cap{background-color:#818a91;color:#fff}.elementor-widget-text-editor.elementor-drop-cap-view-framed .elementor-drop-cap{color:#818a91;border:3px solid;background-color:transparent}.elementor-widget-text-editor:not(.elementor-drop-cap-view-default) .elementor-drop-cap{margin-top:8px}.elementor-widget-text-editor:not(.elementor-drop-cap-view-default) .elementor-drop-cap-letter{width:1em;height:1em}.elementor-widget-text-editor .elementor-drop-cap{float:left;text-align:center;line-height:1;font-size:50px}.elementor-widget-text-editor .elementor-drop-cap-letter{display:inline-block}<\/style>\t\t\t\t<p style=\"text-align: center;\">The factory is located in the province of Balikesir near the Aegean coast, not far from the excavation sites of historic Troy.<\/p><p style=\"text-align: center;\">On an area of approx. 310.000 m\u00b2 our 150 employees produce under European management for the Turkish market and for export. The proximity to Europe and the associated short transport routes make TROY Fireworks Int. an attractive alternative or supplement to the classic fireworks manufacturers in the Far East.<\/p><p style=\"text-align: center;\">The gallery shows you some impressions from our factory (click pictures to enlarge).<\/p>\t\t\t\t\t\t<\/div>\n\t\t\t\t<\/div>\n\t\t\t\t<div class=\"elementor-element elementor-element-6f54cca elementor-widget elementor-widget-spacer\" data-id=\"6f54cca\" data-element_type=\"widget\" data-widget_type=\"spacer.default\">\n\t\t\t\t<div class=\"elementor-widget-container\">\n\t\t\t\t\t<div class=\"elementor-spacer\">\n\t\t\t<div class=\"elementor-spacer-inner\"><\/div>\n\t\t<\/div>\n\t\t\t\t<\/div>\n\t\t\t\t<\/div>\n\t\t\t\t\t<\/div>\n\t\t<\/div>\n\t\t\t\t\t\t\t<\/div>\n\t\t<\/section>\n\t\t\t\t<section class=\"elementor-section elementor-top-section elementor-element elementor-element-57a90c2 elementor-section-boxed elementor-section-height-default elementor-section-height-default\" data-id=\"57a90c2\" data-element_type=\"section\">\n\t\t\t\t\t\t<div class=\"elementor-container elementor-column-gap-default\">\n\t\t\t\t\t<div class=\"elementor-column elementor-col-100 elementor-top-column elementor-element elementor-element-030aaa7\" data-id=\"030aaa7\" data-element_type=\"column\">\n\t\t\t<div class=\"elementor-widget-wrap elementor-element-populated\">\n\t\t\t\t\t\t\t\t<div class=\"elementor-element elementor-element-ffd9e75 elementor-arrows-position-inside elementor-pagination-position-outside elementor-widget elementor-widget-image-carousel\" data-id=\"ffd9e75\" data-element_type=\"widget\" data-settings=\"{&quot;navigation&quot;:&quot;both&quot;,&quot;autoplay&quot;:&quot;yes&quot;,&quot;pause_on_hover&quot;:&quot;yes&quot;,&quot;pause_on_interaction&quot;:&quot;yes&quot;,&quot;autoplay_speed&quot;:5000,&quot;infinite&quot;:&quot;yes&quot;,&quot;speed&quot;:500}\" data-widget_type=\"image-carousel.default\">\n\t\t\t\t<div class=\"elementor-widget-container\">\n\t\t\t<style>\/*! elementor - v3.6.5 - 27-04-2022 *\/\n.elementor-widget-image-carousel .swiper-container{position:static}.elementor-widget-image-carousel .swiper-container .swiper-slide figure{line-height:inherit}.elementor-widget-image-carousel .swiper-slide{text-align:center}.elementor-image-carousel-wrapper:not(.swiper-container-initialized) .swiper-slide{max-width:calc(100% \/ var(--e-image-carousel-slides-to-show, 3))}<\/style>\t\t<div class=\"elementor-image-carousel-wrapper swiper-container\" dir=\"ltr\">\n\t\t\t<div class=\"elementor-image-carousel swiper-wrapper\">\n\t\t\t\t\t\t\t\t<div class=\"swiper-slide\"><a data-elementor-open-lightbox=\"yes\" data-elementor-lightbox-slideshow=\"ffd9e75\" data-elementor-lightbox-title=\"Fabrik-14\" e-action-hash=\"#elementor-action%3Aaction%3Dlightbox%26settings%3DeyJpZCI6NzA3LCJ1cmwiOiJodHRwczpcL1wvd3d3LnRyb3lmaXJld29ya3MuY29tXC93cC1jb250ZW50XC91cGxvYWRzXC8yMDIxXC8xMFwvRmFicmlrLTE0LXNjYWxlZC5qcGciLCJzbGlkZXNob3ciOiJmZmQ5ZTc1In0%3D\" href=\"https:\/\/www.troyfireworks.com\/wp-content\/uploads\/2021\/10\/Fabrik-14-scaled.jpg\"><figure class=\"swiper-slide-inner\"><img class=\"swiper-slide-image\" src=\"https:\/\/www.troyfireworks.com\/wp-content\/uploads\/2021\/10\/Fabrik-14-150x150.jpg\" alt=\"Fabrik-14\" \/><\/figure><\/a><\/div><div class=\"swiper-slide\"><a data-elementor-open-lightbox=\"yes\" data-elementor-lightbox-slideshow=\"ffd9e75\" data-elementor-lightbox-title=\"Fabrik-13\" e-action-hash=\"#elementor-action%3Aaction%3Dlightbox%26settings%3DeyJpZCI6NzA2LCJ1cmwiOiJodHRwczpcL1wvd3d3LnRyb3lmaXJld29ya3MuY29tXC93cC1jb250ZW50XC91cGxvYWRzXC8yMDIxXC8xMFwvRmFicmlrLTEzLXNjYWxlZC5qcGciLCJzbGlkZXNob3ciOiJmZmQ5ZTc1In0%3D\" href=\"https:\/\/www.troyfireworks.com\/wp-content\/uploads\/2021\/10\/Fabrik-13-scaled.jpg\"><figure class=\"swiper-slide-inner\"><img class=\"swiper-slide-image\" src=\"https:\/\/www.troyfireworks.com\/wp-content\/uploads\/2021\/10\/Fabrik-13-150x150.jpg\" alt=\"Fabrik-13\" \/><\/figure><\/a><\/div><div class=\"swiper-slide\"><a data-elementor-open-lightbox=\"yes\" data-elementor-lightbox-slideshow=\"ffd9e75\" data-elementor-lightbox-title=\"Fabrik-9\" e-action-hash=\"#elementor-action%3Aaction%3Dlightbox%26settings%3DeyJpZCI6NzAyLCJ1cmwiOiJodHRwczpcL1wvd3d3LnRyb3lmaXJld29ya3MuY29tXC93cC1jb250ZW50XC91cGxvYWRzXC8yMDIxXC8xMFwvRmFicmlrLTktc2NhbGVkLmpwZyIsInNsaWRlc2hvdyI6ImZmZDllNzUifQ%3D%3D\" href=\"https:\/\/www.troyfireworks.com\/wp-content\/uploads\/2021\/10\/Fabrik-9-scaled.jpg\"><figure class=\"swiper-slide-inner\"><img class=\"swiper-slide-image\" src=\"https:\/\/www.troyfireworks.com\/wp-content\/uploads\/2021\/10\/Fabrik-9-150x150.jpg\" alt=\"Fabrik-9\" \/><\/figure><\/a><\/div><div class=\"swiper-slide\"><a data-elementor-open-lightbox=\"yes\" data-elementor-lightbox-slideshow=\"ffd9e75\" data-elementor-lightbox-title=\"Fabrik-8\" e-action-hash=\"#elementor-action%3Aaction%3Dlightbox%26settings%3DeyJpZCI6NzAxLCJ1cmwiOiJodHRwczpcL1wvd3d3LnRyb3lmaXJld29ya3MuY29tXC93cC1jb250ZW50XC91cGxvYWRzXC8yMDIxXC8xMFwvRmFicmlrLTgtc2NhbGVkLmpwZyIsInNsaWRlc2hvdyI6ImZmZDllNzUifQ%3D%3D\" href=\"https:\/\/www.troyfireworks.com\/wp-content\/uploads\/2021\/10\/Fabrik-8-scaled.jpg\"><figure class=\"swiper-slide-inner\"><img class=\"swiper-slide-image\" src=\"https:\/\/www.troyfireworks.com\/wp-content\/uploads\/2021\/10\/Fabrik-8-150x150.jpg\" alt=\"Fabrik-8\" \/><\/figure><\/a><\/div><div class=\"swiper-slide\"><a data-elementor-open-lightbox=\"yes\" data-elementor-lightbox-slideshow=\"ffd9e75\" data-elementor-lightbox-title=\"Fabrik-7\" e-action-hash=\"#elementor-action%3Aaction%3Dlightbox%26settings%3DeyJpZCI6NzAwLCJ1cmwiOiJodHRwczpcL1wvd3d3LnRyb3lmaXJld29ya3MuY29tXC93cC1jb250ZW50XC91cGxvYWRzXC8yMDIxXC8xMFwvRmFicmlrLTctc2NhbGVkLmpwZyIsInNsaWRlc2hvdyI6ImZmZDllNzUifQ%3D%3D\" href=\"https:\/\/www.troyfireworks.com\/wp-content\/uploads\/2021\/10\/Fabrik-7-scaled.jpg\"><figure class=\"swiper-slide-inner\"><img class=\"swiper-slide-image\" src=\"https:\/\/www.troyfireworks.com\/wp-content\/uploads\/2021\/10\/Fabrik-7-150x150.jpg\" alt=\"Fabrik-7\" \/><\/figure><\/a><\/div><div class=\"swiper-slide\"><a data-elementor-open-lightbox=\"yes\" data-elementor-lightbox-slideshow=\"ffd9e75\" data-elementor-lightbox-title=\"Fabrik-5\" e-action-hash=\"#elementor-action%3Aaction%3Dlightbox%26settings%3DeyJpZCI6Njk4LCJ1cmwiOiJodHRwczpcL1wvd3d3LnRyb3lmaXJld29ya3MuY29tXC93cC1jb250ZW50XC91cGxvYWRzXC8yMDIxXC8xMFwvRmFicmlrLTUtc2NhbGVkLmpwZyIsInNsaWRlc2hvdyI6ImZmZDllNzUifQ%3D%3D\" href=\"https:\/\/www.troyfireworks.com\/wp-content\/uploads\/2021\/10\/Fabrik-5-scaled.jpg\"><figure class=\"swiper-slide-inner\"><img class=\"swiper-slide-image\" src=\"https:\/\/www.troyfireworks.com\/wp-content\/uploads\/2021\/10\/Fabrik-5-150x150.jpg\" alt=\"Fabrik-5\" \/><\/figure><\/a><\/div><div class=\"swiper-slide\"><a data-elementor-open-lightbox=\"yes\" data-elementor-lightbox-slideshow=\"ffd9e75\" data-elementor-lightbox-title=\"Fabrik-4\" e-action-hash=\"#elementor-action%3Aaction%3Dlightbox%26settings%3DeyJpZCI6Njk3LCJ1cmwiOiJodHRwczpcL1wvd3d3LnRyb3lmaXJld29ya3MuY29tXC93cC1jb250ZW50XC91cGxvYWRzXC8yMDIxXC8xMFwvRmFicmlrLTQtc2NhbGVkLmpwZyIsInNsaWRlc2hvdyI6ImZmZDllNzUifQ%3D%3D\" href=\"https:\/\/www.troyfireworks.com\/wp-content\/uploads\/2021\/10\/Fabrik-4-scaled.jpg\"><figure class=\"swiper-slide-inner\"><img class=\"swiper-slide-image\" src=\"https:\/\/www.troyfireworks.com\/wp-content\/uploads\/2021\/10\/Fabrik-4-150x150.jpg\" alt=\"Fabrik-4\" \/><\/figure><\/a><\/div><div class=\"swiper-slide\"><a data-elementor-open-lightbox=\"yes\" data-elementor-lightbox-slideshow=\"ffd9e75\" data-elementor-lightbox-title=\"Fabrik-3\" e-action-hash=\"#elementor-action%3Aaction%3Dlightbox%26settings%3DeyJpZCI6Njk2LCJ1cmwiOiJodHRwczpcL1wvd3d3LnRyb3lmaXJld29ya3MuY29tXC93cC1jb250ZW50XC91cGxvYWRzXC8yMDIxXC8xMFwvRmFicmlrLTMtc2NhbGVkLmpwZyIsInNsaWRlc2hvdyI6ImZmZDllNzUifQ%3D%3D\" href=\"https:\/\/www.troyfireworks.com\/wp-content\/uploads\/2021\/10\/Fabrik-3-scaled.jpg\"><figure class=\"swiper-slide-inner\"><img class=\"swiper-slide-image\" src=\"https:\/\/www.troyfireworks.com\/wp-content\/uploads\/2021\/10\/Fabrik-3-150x150.jpg\" alt=\"Fabrik-3\" \/><\/figure><\/a><\/div><div class=\"swiper-slide\"><a data-elementor-open-lightbox=\"yes\" data-elementor-lightbox-slideshow=\"ffd9e75\" data-elementor-lightbox-title=\"Fabrik-2\" e-action-hash=\"#elementor-action%3Aaction%3Dlightbox%26settings%3DeyJpZCI6Njk1LCJ1cmwiOiJodHRwczpcL1wvd3d3LnRyb3lmaXJld29ya3MuY29tXC93cC1jb250ZW50XC91cGxvYWRzXC8yMDIxXC8xMFwvRmFicmlrLTItc2NhbGVkLmpwZyIsInNsaWRlc2hvdyI6ImZmZDllNzUifQ%3D%3D\" href=\"https:\/\/www.troyfireworks.com\/wp-content\/uploads\/2021\/10\/Fabrik-2-scaled.jpg\"><figure class=\"swiper-slide-inner\"><img class=\"swiper-slide-image\" src=\"https:\/\/www.troyfireworks.com\/wp-content\/uploads\/2021\/10\/Fabrik-2-150x150.jpg\" alt=\"Fabrik-2\" \/><\/figure><\/a><\/div><div class=\"swiper-slide\"><a data-elementor-open-lightbox=\"yes\" data-elementor-lightbox-slideshow=\"ffd9e75\" data-elementor-lightbox-title=\"01\" e-action-hash=\"#elementor-action%3Aaction%3Dlightbox%26settings%3DeyJpZCI6NzcxLCJ1cmwiOiJodHRwczpcL1wvd3d3LnRyb3lmaXJld29ya3MuY29tXC93cC1jb250ZW50XC91cGxvYWRzXC8yMDIyXC8wNVwvMDEtMS1zY2FsZWQuanBnIiwic2xpZGVzaG93IjoiZmZkOWU3NSJ9\" href=\"https:\/\/www.troyfireworks.com\/wp-content\/uploads\/2022\/05\/01-1-scaled.jpg\"><figure class=\"swiper-slide-inner\"><img class=\"swiper-slide-image\" src=\"https:\/\/www.troyfireworks.com\/wp-content\/uploads\/2022\/05\/01-1-150x150.jpg\" alt=\"01\" \/><\/figure><\/a><\/div><div class=\"swiper-slide\"><a data-elementor-open-lightbox=\"yes\" data-elementor-lightbox-slideshow=\"ffd9e75\" data-elementor-lightbox-title=\"02\" e-action-hash=\"#elementor-action%3Aaction%3Dlightbox%26settings%3DeyJpZCI6NzcyLCJ1cmwiOiJodHRwczpcL1wvd3d3LnRyb3lmaXJld29ya3MuY29tXC93cC1jb250ZW50XC91cGxvYWRzXC8yMDIyXC8wNVwvMDItMS1zY2FsZWQuanBnIiwic2xpZGVzaG93IjoiZmZkOWU3NSJ9\" href=\"https:\/\/www.troyfireworks.com\/wp-content\/uploads\/2022\/05\/02-1-scaled.jpg\"><figure class=\"swiper-slide-inner\"><img class=\"swiper-slide-image\" src=\"https:\/\/www.troyfireworks.com\/wp-content\/uploads\/2022\/05\/02-1-150x150.jpg\" alt=\"02\" \/><\/figure><\/a><\/div><div class=\"swiper-slide\"><a data-elementor-open-lightbox=\"yes\" data-elementor-lightbox-slideshow=\"ffd9e75\" data-elementor-lightbox-title=\"03\" e-action-hash=\"#elementor-action%3Aaction%3Dlightbox%26settings%3DeyJpZCI6NzczLCJ1cmwiOiJodHRwczpcL1wvd3d3LnRyb3lmaXJld29ya3MuY29tXC93cC1jb250ZW50XC91cGxvYWRzXC8yMDIyXC8wNVwvMDMtMS1zY2FsZWQuanBnIiwic2xpZGVzaG93IjoiZmZkOWU3NSJ9\" href=\"https:\/\/www.troyfireworks.com\/wp-content\/uploads\/2022\/05\/03-1-scaled.jpg\"><figure class=\"swiper-slide-inner\"><img class=\"swiper-slide-image\" src=\"https:\/\/www.troyfireworks.com\/wp-content\/uploads\/2022\/05\/03-1-150x150.jpg\" alt=\"03\" \/><\/figure><\/a><\/div><div class=\"swiper-slide\"><a data-elementor-open-lightbox=\"yes\" data-elementor-lightbox-slideshow=\"ffd9e75\" data-elementor-lightbox-title=\"04\" e-action-hash=\"#elementor-action%3Aaction%3Dlightbox%26settings%3DeyJpZCI6Nzc0LCJ1cmwiOiJodHRwczpcL1wvd3d3LnRyb3lmaXJld29ya3MuY29tXC93cC1jb250ZW50XC91cGxvYWRzXC8yMDIyXC8wNVwvMDQtMS5qcGciLCJzbGlkZXNob3ciOiJmZmQ5ZTc1In0%3D\" href=\"https:\/\/www.troyfireworks.com\/wp-content\/uploads\/2022\/05\/04-1.jpg\"><figure class=\"swiper-slide-inner\"><img class=\"swiper-slide-image\" src=\"https:\/\/www.troyfireworks.com\/wp-content\/uploads\/2022\/05\/04-1-150x150.jpg\" alt=\"?\" \/><\/figure><\/a><\/div><div class=\"swiper-slide\"><a data-elementor-open-lightbox=\"yes\" data-elementor-lightbox-slideshow=\"ffd9e75\" data-elementor-lightbox-title=\"05\" e-action-hash=\"#elementor-action%3Aaction%3Dlightbox%26settings%3DeyJpZCI6Nzc1LCJ1cmwiOiJodHRwczpcL1wvd3d3LnRyb3lmaXJld29ya3MuY29tXC93cC1jb250ZW50XC91cGxvYWRzXC8yMDIyXC8wNVwvMDUtMS1zY2FsZWQuanBnIiwic2xpZGVzaG93IjoiZmZkOWU3NSJ9\" href=\"https:\/\/www.troyfireworks.com\/wp-content\/uploads\/2022\/05\/05-1-scaled.jpg\"><figure class=\"swiper-slide-inner\"><img class=\"swiper-slide-image\" src=\"https:\/\/www.troyfireworks.com\/wp-content\/uploads\/2022\/05\/05-1-150x150.jpg\" alt=\"05\" \/><\/figure><\/a><\/div><div class=\"swiper-slide\"><a data-elementor-open-lightbox=\"yes\" data-elementor-lightbox-slideshow=\"ffd9e75\" data-elementor-lightbox-title=\"06\" e-action-hash=\"#elementor-action%3Aaction%3Dlightbox%26settings%3DeyJpZCI6Nzc2LCJ1cmwiOiJodHRwczpcL1wvd3d3LnRyb3lmaXJld29ya3MuY29tXC93cC1jb250ZW50XC91cGxvYWRzXC8yMDIyXC8wNVwvMDYtMS1zY2FsZWQuanBnIiwic2xpZGVzaG93IjoiZmZkOWU3NSJ9\" href=\"https:\/\/www.troyfireworks.com\/wp-content\/uploads\/2022\/05\/06-1-scaled.jpg\"><figure class=\"swiper-slide-inner\"><img class=\"swiper-slide-image\" src=\"https:\/\/www.troyfireworks.com\/wp-content\/uploads\/2022\/05\/06-1-150x150.jpg\" alt=\"06\" \/><\/figure><\/a><\/div><div class=\"swiper-slide\"><a data-elementor-open-lightbox=\"yes\" data-elementor-lightbox-slideshow=\"ffd9e75\" data-elementor-lightbox-title=\"07\" e-action-hash=\"#elementor-action%3Aaction%3Dlightbox%26settings%3DeyJpZCI6Nzc3LCJ1cmwiOiJodHRwczpcL1wvd3d3LnRyb3lmaXJld29ya3MuY29tXC93cC1jb250ZW50XC91cGxvYWRzXC8yMDIyXC8wNVwvMDctMS1zY2FsZWQuanBnIiwic2xpZGVzaG93IjoiZmZkOWU3NSJ9\" href=\"https:\/\/www.troyfireworks.com\/wp-content\/uploads\/2022\/05\/07-1-scaled.jpg\"><figure class=\"swiper-slide-inner\"><img class=\"swiper-slide-image\" src=\"https:\/\/www.troyfireworks.com\/wp-content\/uploads\/2022\/05\/07-1-150x150.jpg\" alt=\"07\" \/><\/figure><\/a><\/div><div class=\"swiper-slide\"><a data-elementor-open-lightbox=\"yes\" data-elementor-lightbox-slideshow=\"ffd9e75\" data-elementor-lightbox-title=\"08\" e-action-hash=\"#elementor-action%3Aaction%3Dlightbox%26settings%3DeyJpZCI6Nzc4LCJ1cmwiOiJodHRwczpcL1wvd3d3LnRyb3lmaXJld29ya3MuY29tXC93cC1jb250ZW50XC91cGxvYWRzXC8yMDIyXC8wNVwvMDgtMS1zY2FsZWQuanBnIiwic2xpZGVzaG93IjoiZmZkOWU3NSJ9\" href=\"https:\/\/www.troyfireworks.com\/wp-content\/uploads\/2022\/05\/08-1-scaled.jpg\"><figure class=\"swiper-slide-inner\"><img class=\"swiper-slide-image\" src=\"https:\/\/www.troyfireworks.com\/wp-content\/uploads\/2022\/05\/08-1-150x150.jpg\" alt=\"08\" \/><\/figure><\/a><\/div><div class=\"swiper-slide\"><a data-elementor-open-lightbox=\"yes\" data-elementor-lightbox-slideshow=\"ffd9e75\" data-elementor-lightbox-title=\"09\" e-action-hash=\"#elementor-action%3Aaction%3Dlightbox%26settings%3DeyJpZCI6Nzc5LCJ1cmwiOiJodHRwczpcL1wvd3d3LnRyb3lmaXJld29ya3MuY29tXC93cC1jb250ZW50XC91cGxvYWRzXC8yMDIyXC8wNVwvMDktMS1zY2FsZWQuanBnIiwic2xpZGVzaG93IjoiZmZkOWU3NSJ9\" href=\"https:\/\/www.troyfireworks.com\/wp-content\/uploads\/2022\/05\/09-1-scaled.jpg\"><figure class=\"swiper-slide-inner\"><img class=\"swiper-slide-image\" src=\"https:\/\/www.troyfireworks.com\/wp-content\/uploads\/2022\/05\/09-1-150x150.jpg\" alt=\"09\" \/><\/figure><\/a><\/div><div class=\"swiper-slide\"><a data-elementor-open-lightbox=\"yes\" data-elementor-lightbox-slideshow=\"ffd9e75\" data-elementor-lightbox-title=\"11\" e-action-hash=\"#elementor-action%3Aaction%3Dlightbox%26settings%3DeyJpZCI6NzgwLCJ1cmwiOiJodHRwczpcL1wvd3d3LnRyb3lmaXJld29ya3MuY29tXC93cC1jb250ZW50XC91cGxvYWRzXC8yMDIyXC8wNVwvMTEtc2NhbGVkLmpwZyIsInNsaWRlc2hvdyI6ImZmZDllNzUifQ%3D%3D\" href=\"https:\/\/www.troyfireworks.com\/wp-content\/uploads\/2022\/05\/11-scaled.jpg\"><figure class=\"swiper-slide-inner\"><img class=\"swiper-slide-image\" src=\"https:\/\/www.troyfireworks.com\/wp-content\/uploads\/2022\/05\/11-150x150.jpg\" alt=\"11\" \/><\/figure><\/a><\/div><div class=\"swiper-slide\"><a data-elementor-open-lightbox=\"yes\" data-elementor-lightbox-slideshow=\"ffd9e75\" data-elementor-lightbox-title=\"12\" e-action-hash=\"#elementor-action%3Aaction%3Dlightbox%26settings%3DeyJpZCI6NzgxLCJ1cmwiOiJodHRwczpcL1wvd3d3LnRyb3lmaXJld29ya3MuY29tXC93cC1jb250ZW50XC91cGxvYWRzXC8yMDIyXC8wNVwvMTItMS1zY2FsZWQuanBnIiwic2xpZGVzaG93IjoiZmZkOWU3NSJ9\" href=\"https:\/\/www.troyfireworks.com\/wp-content\/uploads\/2022\/05\/12-1-scaled.jpg\"><figure class=\"swiper-slide-inner\"><img class=\"swiper-slide-image\" src=\"https:\/\/www.troyfireworks.com\/wp-content\/uploads\/2022\/05\/12-1-150x150.jpg\" alt=\"12\" \/><\/figure><\/a><\/div><div class=\"swiper-slide\"><a data-elementor-open-lightbox=\"yes\" data-elementor-lightbox-slideshow=\"ffd9e75\" data-elementor-lightbox-title=\"13\" e-action-hash=\"#elementor-action%3Aaction%3Dlightbox%26settings%3DeyJpZCI6NzgyLCJ1cmwiOiJodHRwczpcL1wvd3d3LnRyb3lmaXJld29ya3MuY29tXC93cC1jb250ZW50XC91cGxvYWRzXC8yMDIyXC8wNVwvMTMtMS1zY2FsZWQuanBnIiwic2xpZGVzaG93IjoiZmZkOWU3NSJ9\" href=\"https:\/\/www.troyfireworks.com\/wp-content\/uploads\/2022\/05\/13-1-scaled.jpg\"><figure class=\"swiper-slide-inner\"><img class=\"swiper-slide-image\" src=\"https:\/\/www.troyfireworks.com\/wp-content\/uploads\/2022\/05\/13-1-150x150.jpg\" alt=\"13\" \/><\/figure><\/a><\/div><div class=\"swiper-slide\"><a data-elementor-open-lightbox=\"yes\" data-elementor-lightbox-slideshow=\"ffd9e75\" data-elementor-lightbox-title=\"14\" e-action-hash=\"#elementor-action%3Aaction%3Dlightbox%26settings%3DeyJpZCI6NzgzLCJ1cmwiOiJodHRwczpcL1wvd3d3LnRyb3lmaXJld29ya3MuY29tXC93cC1jb250ZW50XC91cGxvYWRzXC8yMDIyXC8wNVwvMTQtMS1zY2FsZWQuanBnIiwic2xpZGVzaG93IjoiZmZkOWU3NSJ9\" href=\"https:\/\/www.troyfireworks.com\/wp-content\/uploads\/2022\/05\/14-1-scaled.jpg\"><figure class=\"swiper-slide-inner\"><img class=\"swiper-slide-image\" src=\"https:\/\/www.troyfireworks.com\/wp-content\/uploads\/2022\/05\/14-1-150x150.jpg\" alt=\"14\" \/><\/figure><\/a><\/div><div class=\"swiper-slide\"><a data-elementor-open-lightbox=\"yes\" data-elementor-lightbox-slideshow=\"ffd9e75\" data-elementor-lightbox-title=\"15\" e-action-hash=\"#elementor-action%3Aaction%3Dlightbox%26settings%3DeyJpZCI6Nzg0LCJ1cmwiOiJodHRwczpcL1wvd3d3LnRyb3lmaXJld29ya3MuY29tXC93cC1jb250ZW50XC91cGxvYWRzXC8yMDIyXC8wNVwvMTUucG5nIiwic2xpZGVzaG93IjoiZmZkOWU3NSJ9\" href=\"https:\/\/www.troyfireworks.com\/wp-content\/uploads\/2022\/05\/15.png\"><figure class=\"swiper-slide-inner\"><img class=\"swiper-slide-image\" src=\"https:\/\/www.troyfireworks.com\/wp-content\/uploads\/2022\/05\/15-150x150.png\" alt=\"15\" \/><\/figure><\/a><\/div>\t\t\t<\/div>\n\t\t\t\t\t\t\t\t\t\t\t\t<div class=\"swiper-pagination\"><\/div>\n\t\t\t\t\t\t\t\t\t\t\t\t\t<div class=\"elementor-swiper-button elementor-swiper-button-prev\">\n\t\t\t\t\t\t<i aria-hidden=\"true\" class=\"eicon-chevron-left\"><\/i>\t\t\t\t\t\t<span class=\"elementor-screen-only\">Previous<\/span>\n\t\t\t\t\t<\/div>\n\t\t\t\t\t<div class=\"elementor-swiper-button elementor-swiper-button-next\">\n\t\t\t\t\t\t<i aria-hidden=\"true\" class=\"eicon-chevron-right\"><\/i>\t\t\t\t\t\t<span class=\"elementor-screen-only\">Next<\/span>\n\t\t\t\t\t<\/div>\n\t\t\t\t\t\t\t\t\t<\/div>\n\t\t\t\t<\/div>\n\t\t\t\t<\/div>\n\t\t\t\t\t<\/div>\n\t\t<\/div>\n\t\t\t\t\t\t\t<\/div>\n\t\t<\/section>\n\t\t\t\t\t\t\t<\/div>","protected":false},"excerpt":{"rendered":"<p>Unsere Fabrik Die Fabrik liegt in der Provinz Balikesir nahe der \u00c4g\u00e4isk\u00fcste, [&hellip;]<\/p>","protected":false},"author":1,"featured_media":0,"parent":0,"menu_order":0,"comment_status":"closed","ping_status":"closed","template":"page-templates\/page_front-page.php","meta":[],"_links":{"self":[{"href":"https:\/\/www.troyfireworks.com\/en\/wp-json\/wp\/v2\/pages\/596"}],"collection":[{"href":"https:\/\/www.troyfireworks.com\/en\/wp-json\/wp\/v2\/pages"}],"about":[{"href":"https:\/\/www.troyfireworks.com\/en\/wp-json\/wp\/v2\/types\/page"}],"author":[{"embeddable":true,"href":"https:\/\/www.troyfireworks.com\/en\/wp-json\/wp\/v2\/users\/1"}],"replies":[{"embeddable":true,"href":"https:\/\/www.troyfireworks.com\/en\/wp-json\/wp\/v2\/comments?post=596"}],"version-history":[{"count":35,"href":"https:\/\/www.troyfireworks.com\/en\/wp-json\/wp\/v2\/pages\/596\/revisions"}],"predecessor-version":[{"id":900,"href":"https:\/\/www.troyfireworks.com\/en\/wp-json\/wp\/v2\/pages\/596\/revisions\/900"}],"wp:attachment":[{"href":"https:\/\/www.troyfireworks.com\/en\/wp-json\/wp\/v2\/media?parent=596"}],"curies":[{"name":"wp","href":"https:\/\/api.w.org\/{rel}","templated":true}]}}